{"id":956,"date":"2021-06-03T19:47:47","date_gmt":"2021-06-03T19:47:47","guid":{"rendered":"https:\/\/fresh-mimosa.com\/?page_id=956"},"modified":"2021-07-08T18:45:21","modified_gmt":"2021-07-08T18:45:21","slug":"accessibility-statement","status":"publish","type":"page","link":"https:\/\/fresh-mimosa.com\/es\/accessibility-statement\/","title":{"rendered":"Declaraci\u00f3n de Accesibilidad"},"content":{"rendered":"<div class=\"wpb-content-wrapper\"><section class=\"vc_section\"><div class=\"vc_row wpb_row vc_row-fluid vc_custom_1621961964060 qodef-content-alignment-center\"><div class=\"wpb_column vc_column_container vc_col-sm-12\"><div class=\"vc_column-inner\"><div class=\"wpb_wrapper\">\n\t<div class=\"wpb_text_column wpb_content_element vc_custom_1622750296905\" >\n\t\t<div class=\"wpb_wrapper\">\n\t\t\t<h1 class=\"gray lg sun\">Declaraci\u00f3n de Accesibilidad<\/h1>\n\n\t\t<\/div>\n\t<\/div>\n<\/div><\/div><\/div><\/div><div class=\"vc_row wpb_row vc_row-fluid\"><div class=\"wpb_column vc_column_container vc_col-sm-12\"><div class=\"vc_column-inner\"><div class=\"wpb_wrapper\">\n\t<div class=\"wpb_text_column wpb_content_element\" >\n\t\t<div class=\"wpb_wrapper\">\n\t\t\t<p>Soleil Mimosa se compromete a garantizar que todos los visitantes en edad legal para beber tengan el mismo acceso a nuestros productos y servicios, tanto en nuestras ubicaciones f\u00edsicas como en nuestro sitio web. Nos comprometemos a hacer que nuestro sitio web sea accesible cumpliendo los requisitos de las Pautas de accesibilidad al contenido web 2.0 Nivel AA (WCAG 2.0 AA).<\/p>\n<p>Nuestros esfuerzos para garantizar la accesibilidad de nuestro sitio web son continuos, ya que las pautas cambian con el tiempo. Si necesita ayuda para utilizar los servicios y las funciones que se encuentran en este sitio web, o si tiene preguntas o inquietudes espec\u00edficas sobre la accesibilidad de este sitio, comun\u00edquese con nosotros en info@soleilmimosa.com.<\/p>\n<p>Si encuentra un problema de accesibilidad, aseg\u00farese de especificar la p\u00e1gina web y haremos todos los esfuerzos razonables para que esa p\u00e1gina sea accesible.<\/p>\n\n\t\t<\/div>\n\t<\/div>\n<\/div><\/div><\/div><\/div><\/section>\n<\/div>","protected":false},"excerpt":{"rendered":"Accessibility Statement Soleil Mimosa is committed to ensuring all visitors of legal drinking age have equal access to our products and services, at our physical locations as well as our website. We are committed to making our website accessible by meeting the requirements of the Web Content Accessibility Guidelines 2.0 Level AA (WCAG 2.0 AA). [...]","protected":false},"author":3,"featured_media":0,"parent":0,"menu_order":0,"comment_status":"closed","ping_status":"closed","template":"","meta":{"footnotes":""},"class_list":["post-956","page","type-page","status-publish","hentry"],"yoast_head":"<!-- This site is optimized with the Yoast SEO plugin v27.5 - https:\/\/yoast.com\/product\/yoast-seo-wordpress\/ -->\n<title>Soleil Mimosa - Pre-Mixed Mimosas - Accessibility Statement<\/title>\n<meta name=\"description\" content=\"Soleil Mimosa is committed to ensuring all visitors 21+ have equal access to our products and services in both our physical locations and on our website.\" \/>\n<meta name=\"robots\" content=\"index, follow, max-snippet:-1, max-image-preview:large, max-video-preview:-1\" \/>\n<link rel=\"canonical\" href=\"https:\/\/fresh-mimosa.com\/es\/accessibility-statement\/\" \/>\n<meta property=\"og:locale\" content=\"es_MX\" \/>\n<meta property=\"og:type\" content=\"article\" \/>\n<meta property=\"og:title\" content=\"Soleil Mimosa - Pre-Mixed Mimosas - Accessibility Statement\" \/>\n<meta property=\"og:description\" content=\"Soleil Mimosa is committed to ensuring all visitors 21+ have equal access to our products and services in both our physical locations and on our website.\" \/>\n<meta property=\"og:url\" content=\"https:\/\/fresh-mimosa.com\/es\/accessibility-statement\/\" \/>\n<meta property=\"og:site_name\" content=\"Soleil Mimosa\" \/>\n<meta property=\"article:publisher\" content=\"https:\/\/www.facebook.com\/SoleilMimosa\" \/>\n<meta property=\"article:modified_time\" content=\"2021-07-08T18:45:21+00:00\" \/>\n<meta name=\"twitter:card\" content=\"summary_large_image\" \/>\n<meta name=\"twitter:site\" content=\"@SoleilMimosa\" \/>\n<meta name=\"twitter:label1\" content=\"Tiempo de lectura\" \/>\n\t<meta name=\"twitter:data1\" content=\"1 minuto\" \/>\n<script type=\"application\/ld+json\" class=\"yoast-schema-graph\">{\"@context\":\"https:\\\/\\\/schema.org\",\"@graph\":[{\"@type\":\"WebPage\",\"@id\":\"https:\\\/\\\/fresh-mimosa.com\\\/accessibility-statement\\\/\",\"url\":\"https:\\\/\\\/fresh-mimosa.com\\\/accessibility-statement\\\/\",\"name\":\"Soleil Mimosa - Pre-Mixed Mimosas - Accessibility Statement\",\"isPartOf\":{\"@id\":\"https:\\\/\\\/fresh-mimosa.com\\\/#website\"},\"datePublished\":\"2021-06-03T19:47:47+00:00\",\"dateModified\":\"2021-07-08T18:45:21+00:00\",\"description\":\"Soleil Mimosa is committed to ensuring all visitors 21+ have equal access to our products and services in both our physical locations and on our website.\",\"breadcrumb\":{\"@id\":\"https:\\\/\\\/fresh-mimosa.com\\\/accessibility-statement\\\/#breadcrumb\"},\"inLanguage\":\"es\",\"potentialAction\":[{\"@type\":\"ReadAction\",\"target\":[\"https:\\\/\\\/fresh-mimosa.com\\\/accessibility-statement\\\/\"]}]},{\"@type\":\"BreadcrumbList\",\"@id\":\"https:\\\/\\\/fresh-mimosa.com\\\/accessibility-statement\\\/#breadcrumb\",\"itemListElement\":[{\"@type\":\"ListItem\",\"position\":1,\"name\":\"Home\",\"item\":\"https:\\\/\\\/fresh-mimosa.com\\\/\"},{\"@type\":\"ListItem\",\"position\":2,\"name\":\"Accessibility Statement\"}]},{\"@type\":\"WebSite\",\"@id\":\"https:\\\/\\\/fresh-mimosa.com\\\/#website\",\"url\":\"https:\\\/\\\/fresh-mimosa.com\\\/\",\"name\":\"Soleil Mimosa\",\"description\":\"\",\"publisher\":{\"@id\":\"https:\\\/\\\/fresh-mimosa.com\\\/#organization\"},\"potentialAction\":[{\"@type\":\"SearchAction\",\"target\":{\"@type\":\"EntryPoint\",\"urlTemplate\":\"https:\\\/\\\/fresh-mimosa.com\\\/?s={search_term_string}\"},\"query-input\":{\"@type\":\"PropertyValueSpecification\",\"valueRequired\":true,\"valueName\":\"search_term_string\"}}],\"inLanguage\":\"es\"},{\"@type\":\"Organization\",\"@id\":\"https:\\\/\\\/fresh-mimosa.com\\\/#organization\",\"name\":\"Soleil Mimosa\",\"url\":\"https:\\\/\\\/fresh-mimosa.com\\\/\",\"logo\":{\"@type\":\"ImageObject\",\"inLanguage\":\"es\",\"@id\":\"https:\\\/\\\/fresh-mimosa.com\\\/#\\\/schema\\\/logo\\\/image\\\/\",\"url\":\"https:\\\/\\\/wni.428.myftpupload.com\\\/wp-content\\\/uploads\\\/2021\\\/07\\\/soleil-mimosa-logo.png\",\"contentUrl\":\"https:\\\/\\\/wni.428.myftpupload.com\\\/wp-content\\\/uploads\\\/2021\\\/07\\\/soleil-mimosa-logo.png\",\"width\":768,\"height\":463,\"caption\":\"Soleil Mimosa\"},\"image\":{\"@id\":\"https:\\\/\\\/fresh-mimosa.com\\\/#\\\/schema\\\/logo\\\/image\\\/\"},\"sameAs\":[\"https:\\\/\\\/www.facebook.com\\\/SoleilMimosa\",\"https:\\\/\\\/x.com\\\/SoleilMimosa\",\"https:\\\/\\\/www.instagram.com\\\/soleilmimosa\\\/\"]}]}<\/script>\n<!-- \/ Yoast SEO plugin. -->","yoast_head_json":{"title":"Soleil Mimosa - Mimosas premezcladas - Declaraci\u00f3n de accesibilidad","description":"Soleil Mimosa se compromete a garantizar que todos los visitantes en edad legal para beber tengan el mismo acceso a nuestros productos y servicios en nuestras ubicaciones f\u00edsicas y en nuestro sitio web.","robots":{"index":"index","follow":"follow","max-snippet":"max-snippet:-1","max-image-preview":"max-image-preview:large","max-video-preview":"max-video-preview:-1"},"canonical":"https:\/\/fresh-mimosa.com\/es\/accessibility-statement\/","og_locale":"es_MX","og_type":"article","og_title":"Soleil Mimosa - Pre-Mixed Mimosas - Accessibility Statement","og_description":"Soleil Mimosa is committed to ensuring all visitors 21+ have equal access to our products and services in both our physical locations and on our website.","og_url":"https:\/\/fresh-mimosa.com\/es\/accessibility-statement\/","og_site_name":"Soleil Mimosa","article_publisher":"https:\/\/www.facebook.com\/SoleilMimosa","article_modified_time":"2021-07-08T18:45:21+00:00","twitter_card":"summary_large_image","twitter_site":"@SoleilMimosa","twitter_misc":{"Tiempo de lectura":"1 minuto"},"schema":{"@context":"https:\/\/schema.org","@graph":[{"@type":"WebPage","@id":"https:\/\/fresh-mimosa.com\/accessibility-statement\/","url":"https:\/\/fresh-mimosa.com\/accessibility-statement\/","name":"Soleil Mimosa - Mimosas premezcladas - Declaraci\u00f3n de accesibilidad","isPartOf":{"@id":"https:\/\/fresh-mimosa.com\/#website"},"datePublished":"2021-06-03T19:47:47+00:00","dateModified":"2021-07-08T18:45:21+00:00","description":"Soleil Mimosa se compromete a garantizar que todos los visitantes en edad legal para beber tengan el mismo acceso a nuestros productos y servicios en nuestras ubicaciones f\u00edsicas y en nuestro sitio web.","breadcrumb":{"@id":"https:\/\/fresh-mimosa.com\/accessibility-statement\/#breadcrumb"},"inLanguage":"es","potentialAction":[{"@type":"ReadAction","target":["https:\/\/fresh-mimosa.com\/accessibility-statement\/"]}]},{"@type":"BreadcrumbList","@id":"https:\/\/fresh-mimosa.com\/accessibility-statement\/#breadcrumb","itemListElement":[{"@type":"ListItem","position":1,"name":"Home","item":"https:\/\/fresh-mimosa.com\/"},{"@type":"ListItem","position":2,"name":"Accessibility Statement"}]},{"@type":"WebSite","@id":"https:\/\/fresh-mimosa.com\/#website","url":"https:\/\/fresh-mimosa.com\/","name":"Soleil Mimosa","description":"","publisher":{"@id":"https:\/\/fresh-mimosa.com\/#organization"},"potentialAction":[{"@type":"SearchAction","target":{"@type":"EntryPoint","urlTemplate":"https:\/\/fresh-mimosa.com\/?s={search_term_string}"},"query-input":{"@type":"PropertyValueSpecification","valueRequired":true,"valueName":"search_term_string"}}],"inLanguage":"es"},{"@type":"Organization","@id":"https:\/\/fresh-mimosa.com\/#organization","name":"Soleil Mimosa","url":"https:\/\/fresh-mimosa.com\/","logo":{"@type":"ImageObject","inLanguage":"es","@id":"https:\/\/fresh-mimosa.com\/#\/schema\/logo\/image\/","url":"https:\/\/wni.428.myftpupload.com\/wp-content\/uploads\/2021\/07\/soleil-mimosa-logo.png","contentUrl":"https:\/\/wni.428.myftpupload.com\/wp-content\/uploads\/2021\/07\/soleil-mimosa-logo.png","width":768,"height":463,"caption":"Soleil Mimosa"},"image":{"@id":"https:\/\/fresh-mimosa.com\/#\/schema\/logo\/image\/"},"sameAs":["https:\/\/www.facebook.com\/SoleilMimosa","https:\/\/x.com\/SoleilMimosa","https:\/\/www.instagram.com\/soleilmimosa\/"]}]}},"jetpack_sharing_enabled":true,"_links":{"self":[{"href":"https:\/\/fresh-mimosa.com\/es\/wp-json\/wp\/v2\/pages\/956","targetHints":{"allow":["GET"]}}],"collection":[{"href":"https:\/\/fresh-mimosa.com\/es\/wp-json\/wp\/v2\/pages"}],"about":[{"href":"https:\/\/fresh-mimosa.com\/es\/wp-json\/wp\/v2\/types\/page"}],"author":[{"embeddable":true,"href":"https:\/\/fresh-mimosa.com\/es\/wp-json\/wp\/v2\/users\/3"}],"replies":[{"embeddable":true,"href":"https:\/\/fresh-mimosa.com\/es\/wp-json\/wp\/v2\/comments?post=956"}],"version-history":[{"count":0,"href":"https:\/\/fresh-mimosa.com\/es\/wp-json\/wp\/v2\/pages\/956\/revisions"}],"wp:attachment":[{"href":"https:\/\/fresh-mimosa.com\/es\/wp-json\/wp\/v2\/media?parent=956"}],"curies":[{"name":"wp","href":"https:\/\/api.w.org\/{rel}","templated":true}]}}