{"id":551,"date":"2021-05-21T16:21:46","date_gmt":"2021-05-21T16:21:46","guid":{"rendered":"https:\/\/fresh-mimosa.com\/?page_id=551"},"modified":"2021-08-27T18:52:55","modified_gmt":"2021-08-27T18:52:55","slug":"tomato-and-nectarine-salad-with-ricotta","status":"publish","type":"page","link":"https:\/\/fresh-mimosa.com\/es\/recipes-cocktails\/tomato-and-nectarine-salad-with-ricotta\/","title":{"rendered":"Ensalada de Tomate y Nectarina con Ricotta"},"content":{"rendered":"<div class=\"wpb-content-wrapper\"><section data-vc-full-width=\"true\" data-vc-full-width-init=\"false\" data-vc-stretch-content=\"true\" data-vc-parallax=\"1.5\" data-vc-parallax-image=\"https:\/\/fresh-mimosa.com\/wp-content\/uploads\/2021\/05\/recipe-banner-tomato-nectarine-salad.jpg\" class=\"vc_section hero-full-width vc_section-has-fill vc_section-o-content-middle vc_section-flex vc_general vc_parallax vc_parallax-content-moving\"><div class=\"vc_row wpb_row vc_row-fluid\"><div class=\"wpb_column vc_column_container vc_col-sm-12\"><div class=\"vc_column-inner\"><div class=\"wpb_wrapper\">\n\t<div class=\"wpb_text_column wpb_content_element\" >\n\t\t<div class=\"wpb_wrapper\">\n\t\t\t<h1 class=\"script white xl bold\" style=\"text-align: center;\">Simplemente Deliciosa<\/h1>\n<p style=\"text-align: center;\">Ensalada de Tomate y Nectarina con Ricotta<\/p>\n\n\t\t<\/div>\n\t<\/div>\n<\/div><\/div><\/div><\/div><\/section><div class=\"vc_row-full-width vc_clearfix\"><\/div><section class=\"vc_section\"><div class=\"vc_row wpb_row vc_row-fluid\"><div class=\"wpb_column vc_column_container vc_col-sm-12\"><div class=\"vc_column-inner\"><div class=\"wpb_wrapper\">\n\t<div class=\"wpb_text_column wpb_content_element\" >\n\t\t<div class=\"wpb_wrapper\">\n\t\t\t<span><span><a href=\"https:\/\/fresh-mimosa.com\/es\/\">Casa<\/a><\/span><\/span>\n\n\t\t<\/div>\n\t<\/div>\n<\/div><\/div><\/div><\/div><\/section><section class=\"vc_section vc_custom_1621605028753 vc_section-has-fill\"><div class=\"vc_row wpb_row vc_row-fluid interior-category-heading\"><div class=\"wpb_column vc_column_container vc_col-sm-12\"><div class=\"vc_column-inner\"><div class=\"wpb_wrapper\">\n\t<div class=\"wpb_text_column wpb_content_element heading-center-with-sun\" >\n\t\t<div class=\"wpb_wrapper\">\n\t\t\t<h2 class=\"pink script lg sun-rotate\">Recetas Deliciosas<\/h2>\n<h3 class=\"gray lg\">Ensalada de Tomate y Nectarina con Ricotta<\/h3>\n\n\t\t<\/div>\n\t<\/div>\n<\/div><\/div><\/div><\/div><div class=\"qodef-content-grid\"><div class=\"vc_row wpb_row vc_row-fluid\"><div class=\"home-category-heading wpb_column vc_column_container vc_col-sm-12\"><div class=\"vc_column-inner\"><div class=\"wpb_wrapper\"><\/div><\/div><\/div><\/div><\/div><div class=\"qodef-content-grid\"><div class=\"vc_row wpb_row vc_row-fluid vc_row-o-equal-height vc_row-flex\"><div class=\"home-category-col wpb_column vc_column_container vc_col-sm-4\"><div class=\"vc_column-inner\"><div class=\"wpb_wrapper\">\n\t<div class=\"wpb_text_column wpb_content_element\" >\n\t\t<div class=\"wpb_wrapper\">\n\t\t\t<h4 class=\"gray no-bold\">INGREDIENTES<\/h4>\n<p>6 cucharadas de aceite de oliva con infusi\u00f3n de naranja<br \/>\n3-4 hojas de albahaca fresca<br \/>\n3 cucharadas de verjus o jugo de lim\u00f3n<br \/>\nSal gruesa, como Maldon<br \/>\n1 libra de tomates reliquia mixtos<br \/>\n2-3 nectarinas maduras (o melocotones)<br \/>\n2 oz de queso ricotta fresco (lo mejor es la leche de oveja)<\/p>\n\n\t\t<\/div>\n\t<\/div>\n<div class=\"vc_btn3-container  btn-orange vc_btn3-center vc_do_btn\" ><a class=\"vc_general vc_btn3 vc_btn3-size-md vc_btn3-shape-rounded vc_btn3-style-modern vc_btn3-block vc_btn3-color-warning\" href=\"https:\/\/fresh-mimosa.com\/es\/product\/classic\/\" title=\"Soleil Mimosa Cl\u00e1sico\">Soleil Mimosa Cl\u00e1sico<\/a><\/div><div class=\"vc_btn3-container  btn-orange vc_btn3-center vc_do_btn\" ><a class=\"vc_general vc_btn3 vc_btn3-size-md vc_btn3-shape-rounded vc_btn3-style-modern vc_btn3-block vc_btn3-color-warning\" href=\"https:\/\/fresh-mimosa.com\/es\/product\/classic\/\" title=\"Purchase Soleil Mimosa Classic\">Comprar en linea<\/a><\/div><\/div><\/div><\/div><div class=\"home-category-col wpb_column vc_column_container vc_col-sm-8\"><div class=\"vc_column-inner\"><div class=\"wpb_wrapper\">\n\t<div class=\"wpb_text_column wpb_content_element\" >\n\t\t<div class=\"wpb_wrapper\">\n\t\t\t<p>Disfrute de las tardes de jard\u00edn con una deliciosa ensalada de verano que combina tomates frescos y nectarinas. \u00a1F\u00e1cil de hacer, m\u00e1s f\u00e1cil de disfrutar! Sirva con Soleil Mimosa Classic y pan de campo fresco.<\/p>\n<p>En una licuadora peque\u00f1a, triturar el aceite, la albahaca y el jugo de lim\u00f3n, condimentar al gusto. Dejar de lado.<\/p>\n<p>Cortar los tomates y la nectarina en rodajas. Colocar en un plato, desplegando en forma de anillo. Condimentar con sal y pimienta.<\/p>\n<p>Esparcir trozos de ricotta encima de las rodajas de tomate y nectarina. Roc\u00ede con el aderezo de trufa de albahaca.<\/p>\n<p>Si no puede encontrar aceite con infusi\u00f3n de naranja, h\u00e1galo usted mismo agregando ralladura de naranja al aceite de oliva y d\u00e9jelo reposar durante la noche.<\/p>\n\n\t\t<\/div>\n\t<\/div>\n<\/div><\/div><\/div><\/div><\/div><\/section><section data-vc-full-width=\"true\" data-vc-full-width-init=\"false\" class=\"vc_section category-section vc_custom_1625860789334 vc_section-has-fill\"><div data-vc-full-width=\"true\" data-vc-full-width-init=\"false\" data-vc-stretch-content=\"true\" class=\"vc_row wpb_row vc_row-fluid category-row group\"><div class=\"category-col wpb_column vc_column_container vc_col-sm-3\"><div class=\"vc_column-inner\"><div class=\"wpb_wrapper\">\n\t<div  class=\"wpb_single_image wpb_content_element vc_align_left wpb_content_element\">\n\t\t\n\t\t<figure class=\"wpb_wrapper vc_figure\">\n\t\t\t<div class=\"vc_single_image-wrapper   vc_box_border_grey\"><img decoding=\"async\" width=\"1503\" height=\"1126\" data-src=\"https:\/\/fresh-mimosa.com\/wp-content\/uploads\/2021\/05\/feature-mango-lassi.jpg\" class=\"vc_single_image-img attachment-full lazyload\" alt=\"Soleil MImosa Mango Lassi cocktail recipe\" title=\"feature-mango-lassi\" data-srcset=\"https:\/\/fresh-mimosa.com\/wp-content\/uploads\/2021\/05\/feature-mango-lassi.jpg 1503w, https:\/\/fresh-mimosa.com\/wp-content\/uploads\/2021\/05\/feature-mango-lassi-300x225.jpg 300w, https:\/\/fresh-mimosa.com\/wp-content\/uploads\/2021\/05\/feature-mango-lassi-1024x767.jpg 1024w, https:\/\/fresh-mimosa.com\/wp-content\/uploads\/2021\/05\/feature-mango-lassi-768x575.jpg 768w, https:\/\/fresh-mimosa.com\/wp-content\/uploads\/2021\/05\/feature-mango-lassi-16x12.jpg 16w, https:\/\/fresh-mimosa.com\/wp-content\/uploads\/2021\/05\/feature-mango-lassi-450x337.jpg 450w\" data-sizes=\"(max-width: 1503px) 100vw, 1503px\" src=\"data:image\/svg+xml;base64,PHN2ZyB3aWR0aD0iMSIgaGVpZ2h0PSIxIiB4bWxucz0iaHR0cDovL3d3dy53My5vcmcvMjAwMC9zdmciPjwvc3ZnPg==\" style=\"--smush-placeholder-width: 1503px; --smush-placeholder-aspect-ratio: 1503\/1126;\" \/><\/div>\n\t\t<\/figure>\n\t<\/div>\n\n\t<div class=\"wpb_text_column wpb_content_element equal-height-column\" >\n\t\t<div class=\"wpb_wrapper\">\n\t\t\t<h2 class=\"pink sm bold script\">C\u00f3cteles de verano<\/h2>\n<h3 class=\"gray sm bold\">C\u00f3ctel Lassi De Mango<\/h3>\n<p>Un delicioso y fresco c\u00f3ctel que nos recuerda a los divertidos d\u00edas de verano que pasamos al aire libre, bailando entre los aspersores mientras comemos conos de nieve.<\/p>\n\n\t\t<\/div>\n\t<\/div>\n<div class=\"vc_btn3-container  btn-orange vc_btn3-inline vc_do_btn\" ><a class=\"vc_general vc_btn3 vc_btn3-size-md vc_btn3-shape-rounded vc_btn3-style-modern vc_btn3-color-warning\" href=\"https:\/\/fresh-mimosa.com\/es\/recipes\/mango-lassi-cocktail\/\" title=\"C\u00f3ctel Lassi De Mango\">Aprende m\u00e1s<\/a><\/div><\/div><\/div><\/div><div class=\"category-col wpb_column vc_column_container vc_col-sm-3\"><div class=\"vc_column-inner\"><div class=\"wpb_wrapper\">\n\t<div  class=\"wpb_single_image wpb_content_element vc_align_left wpb_content_element\">\n\t\t\n\t\t<figure class=\"wpb_wrapper vc_figure\">\n\t\t\t<div class=\"vc_single_image-wrapper   vc_box_border_grey\"><img decoding=\"async\" width=\"1503\" height=\"1126\" data-src=\"https:\/\/fresh-mimosa.com\/wp-content\/uploads\/2021\/06\/mimosa-bar-1.jpg\" class=\"vc_single_image-img attachment-full lazyload\" alt=\"Bar Soleil Mimosa\" title=\"mimosa-bar-1\" data-srcset=\"https:\/\/fresh-mimosa.com\/wp-content\/uploads\/2021\/06\/mimosa-bar-1.jpg 1503w, https:\/\/fresh-mimosa.com\/wp-content\/uploads\/2021\/06\/mimosa-bar-1-300x225.jpg 300w, https:\/\/fresh-mimosa.com\/wp-content\/uploads\/2021\/06\/mimosa-bar-1-1024x767.jpg 1024w, https:\/\/fresh-mimosa.com\/wp-content\/uploads\/2021\/06\/mimosa-bar-1-768x575.jpg 768w, https:\/\/fresh-mimosa.com\/wp-content\/uploads\/2021\/06\/mimosa-bar-1-16x12.jpg 16w, https:\/\/fresh-mimosa.com\/wp-content\/uploads\/2021\/06\/mimosa-bar-1-450x337.jpg 450w\" data-sizes=\"(max-width: 1503px) 100vw, 1503px\" src=\"data:image\/svg+xml;base64,PHN2ZyB3aWR0aD0iMSIgaGVpZ2h0PSIxIiB4bWxucz0iaHR0cDovL3d3dy53My5vcmcvMjAwMC9zdmciPjwvc3ZnPg==\" style=\"--smush-placeholder-width: 1503px; --smush-placeholder-aspect-ratio: 1503\/1126;\" \/><\/div>\n\t\t<\/figure>\n\t<\/div>\n\n\t<div class=\"wpb_text_column wpb_content_element equal-height-column\" >\n\t\t<div class=\"wpb_wrapper\">\n\t\t\t<h2 class=\"pink sm bold script\">Ideas entretenidas<\/h2>\n<h3 class=\"gray sm bold\">Organice un brunch de Mimosa<\/h3>\n<p>Crea tu propio Mimosa Brunch Bar con esta sencilla gu\u00eda. Es r\u00e1pido, f\u00e1cil y seguro que har\u00e1 las delicias de su pr\u00f3xima reuni\u00f3n.<\/p>\n\n\t\t<\/div>\n\t<\/div>\n<div class=\"vc_btn3-container  btn-orange vc_btn3-inline vc_do_btn\" ><a class=\"vc_general vc_btn3 vc_btn3-size-md vc_btn3-shape-rounded vc_btn3-style-modern vc_btn3-color-warning\" href=\"https:\/\/fresh-mimosa.com\/es\/entertain\/\" title=\"Entretener\">Aprende m\u00e1s<\/a><\/div><\/div><\/div><\/div><div class=\"category-col wpb_column vc_column_container vc_col-sm-3\"><div class=\"vc_column-inner\"><div class=\"wpb_wrapper\">\n\t<div  class=\"wpb_single_image wpb_content_element vc_align_left wpb_content_element\">\n\t\t\n\t\t<figure class=\"wpb_wrapper vc_figure\">\n\t\t\t<div class=\"vc_single_image-wrapper   vc_box_border_grey\"><img decoding=\"async\" width=\"1503\" height=\"1126\" data-src=\"https:\/\/fresh-mimosa.com\/wp-content\/uploads\/2021\/06\/soleil-mimosa-classic-purse.jpg\" class=\"vc_single_image-img attachment-full lazyload\" alt=\"Soleil Mimosa Classic con bolso\" title=\"soleil-mimosa-classic-purse\" data-srcset=\"https:\/\/fresh-mimosa.com\/wp-content\/uploads\/2021\/06\/soleil-mimosa-classic-purse.jpg 1503w, https:\/\/fresh-mimosa.com\/wp-content\/uploads\/2021\/06\/soleil-mimosa-classic-purse-300x225.jpg 300w, https:\/\/fresh-mimosa.com\/wp-content\/uploads\/2021\/06\/soleil-mimosa-classic-purse-1024x767.jpg 1024w, https:\/\/fresh-mimosa.com\/wp-content\/uploads\/2021\/06\/soleil-mimosa-classic-purse-768x575.jpg 768w, https:\/\/fresh-mimosa.com\/wp-content\/uploads\/2021\/06\/soleil-mimosa-classic-purse-450x337.jpg 450w\" data-sizes=\"(max-width: 1503px) 100vw, 1503px\" src=\"data:image\/svg+xml;base64,PHN2ZyB3aWR0aD0iMSIgaGVpZ2h0PSIxIiB4bWxucz0iaHR0cDovL3d3dy53My5vcmcvMjAwMC9zdmciPjwvc3ZnPg==\" style=\"--smush-placeholder-width: 1503px; --smush-placeholder-aspect-ratio: 1503\/1126;\" \/><\/div>\n\t\t<\/figure>\n\t<\/div>\n\n\t<div class=\"wpb_text_column wpb_content_element equal-height-column\" >\n\t\t<div class=\"wpb_wrapper\">\n\t\t\t<h2 class=\"pink sm bold script\">\u00daltimas Noticias<\/h2>\n<h3 class=\"gray sm bold\">Club Social Soleil<\/h3>\n<p>\u00a1Vea de qu\u00e9 se trata el zumbido! Entonces \u00fanete al Soleil Socal Club etiquet\u00e1ndonos #SoleilMimosa<\/p>\n\n\t\t<\/div>\n\t<\/div>\n<div class=\"vc_btn3-container  btn-orange vc_btn3-inline vc_do_btn\" ><a class=\"vc_general vc_btn3 vc_btn3-size-md vc_btn3-shape-rounded vc_btn3-style-modern vc_btn3-color-warning\" href=\"https:\/\/fresh-mimosa.com\/es\/soleil-social\/\" title=\"Compra Ahora\">Aprende m\u00e1s<\/a><\/div><\/div><\/div><\/div><div class=\"category-col wpb_column vc_column_container vc_col-sm-3\"><div class=\"vc_column-inner\"><div class=\"wpb_wrapper\">\n\t<div  class=\"wpb_single_image wpb_content_element vc_align_left wpb_content_element\">\n\t\t\n\t\t<figure class=\"wpb_wrapper vc_figure\">\n\t\t\t<div class=\"vc_single_image-wrapper   vc_box_border_grey\"><img decoding=\"async\" width=\"1503\" height=\"1126\" data-src=\"https:\/\/fresh-mimosa.com\/wp-content\/uploads\/2021\/05\/recipe-thumb-mimosa-crunch-cake.jpg\" class=\"vc_single_image-img attachment-full lazyload\" alt=\"Soleil Mimosa Crunch Cake recipe\" title=\"recipe-thumb-mimosa-crunch-cake\" data-srcset=\"https:\/\/fresh-mimosa.com\/wp-content\/uploads\/2021\/05\/recipe-thumb-mimosa-crunch-cake.jpg 1503w, https:\/\/fresh-mimosa.com\/wp-content\/uploads\/2021\/05\/recipe-thumb-mimosa-crunch-cake-300x225.jpg 300w, https:\/\/fresh-mimosa.com\/wp-content\/uploads\/2021\/05\/recipe-thumb-mimosa-crunch-cake-1024x767.jpg 1024w, https:\/\/fresh-mimosa.com\/wp-content\/uploads\/2021\/05\/recipe-thumb-mimosa-crunch-cake-768x575.jpg 768w, https:\/\/fresh-mimosa.com\/wp-content\/uploads\/2021\/05\/recipe-thumb-mimosa-crunch-cake-16x12.jpg 16w, https:\/\/fresh-mimosa.com\/wp-content\/uploads\/2021\/05\/recipe-thumb-mimosa-crunch-cake-450x337.jpg 450w\" data-sizes=\"(max-width: 1503px) 100vw, 1503px\" src=\"data:image\/svg+xml;base64,PHN2ZyB3aWR0aD0iMSIgaGVpZ2h0PSIxIiB4bWxucz0iaHR0cDovL3d3dy53My5vcmcvMjAwMC9zdmciPjwvc3ZnPg==\" style=\"--smush-placeholder-width: 1503px; --smush-placeholder-aspect-ratio: 1503\/1126;\" \/><\/div>\n\t\t<\/figure>\n\t<\/div>\n\n\t<div class=\"wpb_text_column wpb_content_element equal-height-column\" >\n\t\t<div class=\"wpb_wrapper\">\n\t\t\t<h2 class=\"pink sm bold script\">Recetas Deliciosas<\/h2>\n<h3 class=\"gray sm bold\">Pastel Crujiente De Mimosa<\/h3>\n<p>\u00bfBusca un bocadillo sabroso que requiera un m\u00ednimo esfuerzo? Tenemos la receta para ti con un Mimosa Crunch Cake.<\/p>\n\n\t\t<\/div>\n\t<\/div>\n<div class=\"vc_btn3-container  btn-orange vc_btn3-inline vc_do_btn\" ><a class=\"vc_general vc_btn3 vc_btn3-size-md vc_btn3-shape-rounded vc_btn3-style-modern vc_btn3-color-warning\" href=\"https:\/\/fresh-mimosa.com\/es\/recipes\/pineapple-mimosa-crunch-cake\/\" title=\"Pastel Crujiente De Pi\u00f1a Y Mimosa\">Aprende m\u00e1s<\/a><\/div><\/div><\/div><\/div><\/div><div class=\"vc_row-full-width vc_clearfix\"><\/div><\/section><div class=\"vc_row-full-width vc_clearfix\"><\/div>\n<\/div>","protected":false},"excerpt":{"rendered":"Simply Delicious Tomato and Nectarine Salad with Ricotta Home Delicious Recipes Tomato and Nectarine Salad with Ricotta INGREDIENTS 6 Tbsp orange infused olive oil 3-4 fresh basil leaves 3 Tbsp verjus or lemon juice Coarse salt, such as Maldon 1 pound mixed heirloom tomatoes 2-3 ripe nectarines (or peaches) 2oz fresh ricotta cheese (sheep's milk [...]","protected":false},"author":3,"featured_media":0,"parent":328,"menu_order":0,"comment_status":"closed","ping_status":"closed","template":"","meta":{"footnotes":""},"class_list":["post-551","page","type-page","status-publish","hentry"],"yoast_head":"<!-- This site is optimized with the Yoast SEO plugin v27.4 - https:\/\/yoast.com\/product\/yoast-seo-wordpress\/ -->\n<title>Soleil Mimosa - Recipes - Tomato and Nectarine Salad with Ricotta<\/title>\n<meta name=\"description\" content=\"Enjoy this delicious Tomato and Nectarine salad recipe, a delicious summer salad that brings together fresh tomatoes and nectarines.\" \/>\n<meta name=\"robots\" content=\"index, follow, max-snippet:-1, max-image-preview:large, max-video-preview:-1\" \/>\n<link rel=\"canonical\" href=\"https:\/\/fresh-mimosa.com\/es\/recipes-cocktails\/tomato-and-nectarine-salad-with-ricotta\/\" \/>\n<meta property=\"og:locale\" content=\"es_MX\" \/>\n<meta property=\"og:type\" content=\"article\" \/>\n<meta property=\"og:title\" content=\"Soleil Mimosa - Recipes - Tomato and Nectarine Salad with Ricotta\" \/>\n<meta property=\"og:description\" content=\"Enjoy this delicious Tomato and Nectarine salad recipe, a delicious summer salad that brings together fresh tomatoes and nectarines.\" \/>\n<meta property=\"og:url\" content=\"https:\/\/fresh-mimosa.com\/es\/recipes-cocktails\/tomato-and-nectarine-salad-with-ricotta\/\" \/>\n<meta property=\"og:site_name\" content=\"Soleil Mimosa\" \/>\n<meta property=\"article:publisher\" content=\"https:\/\/www.facebook.com\/SoleilMimosa\" \/>\n<meta property=\"article:modified_time\" content=\"2021-08-27T18:52:55+00:00\" \/>\n<meta name=\"twitter:card\" content=\"summary_large_image\" \/>\n<meta name=\"twitter:site\" content=\"@SoleilMimosa\" \/>\n<meta name=\"twitter:label1\" content=\"Tiempo de lectura\" \/>\n\t<meta name=\"twitter:data1\" content=\"5 minutos\" \/>\n<script type=\"application\/ld+json\" class=\"yoast-schema-graph\">{\"@context\":\"https:\\\/\\\/schema.org\",\"@graph\":[{\"@type\":\"WebPage\",\"@id\":\"https:\\\/\\\/fresh-mimosa.com\\\/es\\\/recipes-cocktails\\\/tomato-and-nectarine-salad-with-ricotta\\\/\",\"url\":\"https:\\\/\\\/fresh-mimosa.com\\\/es\\\/recipes-cocktails\\\/tomato-and-nectarine-salad-with-ricotta\\\/\",\"name\":\"Soleil Mimosa - Recipes - Tomato and Nectarine Salad with Ricotta\",\"isPartOf\":{\"@id\":\"https:\\\/\\\/fresh-mimosa.com\\\/#website\"},\"datePublished\":\"2021-05-21T16:21:46+00:00\",\"dateModified\":\"2021-08-27T18:52:55+00:00\",\"description\":\"Enjoy this delicious Tomato and Nectarine salad recipe, a delicious summer salad that brings together fresh tomatoes and nectarines.\",\"breadcrumb\":{\"@id\":\"https:\\\/\\\/fresh-mimosa.com\\\/es\\\/recipes-cocktails\\\/tomato-and-nectarine-salad-with-ricotta\\\/#breadcrumb\"},\"inLanguage\":\"es\",\"potentialAction\":[{\"@type\":\"ReadAction\",\"target\":[\"https:\\\/\\\/fresh-mimosa.com\\\/es\\\/recipes-cocktails\\\/tomato-and-nectarine-salad-with-ricotta\\\/\"]}]},{\"@type\":\"BreadcrumbList\",\"@id\":\"https:\\\/\\\/fresh-mimosa.com\\\/es\\\/recipes-cocktails\\\/tomato-and-nectarine-salad-with-ricotta\\\/#breadcrumb\",\"itemListElement\":[{\"@type\":\"ListItem\",\"position\":1,\"name\":\"Home\",\"item\":\"https:\\\/\\\/fresh-mimosa.com\\\/\"},{\"@type\":\"ListItem\",\"position\":2,\"name\":\"Recipes\",\"item\":\"https:\\\/\\\/fresh-mimosa.com\\\/recipes-cocktails\\\/\"},{\"@type\":\"ListItem\",\"position\":3,\"name\":\"Tomato and Nectarine Salad with Ricotta\"}]},{\"@type\":\"WebSite\",\"@id\":\"https:\\\/\\\/fresh-mimosa.com\\\/#website\",\"url\":\"https:\\\/\\\/fresh-mimosa.com\\\/\",\"name\":\"Soleil Mimosa\",\"description\":\"\",\"publisher\":{\"@id\":\"https:\\\/\\\/fresh-mimosa.com\\\/#organization\"},\"potentialAction\":[{\"@type\":\"SearchAction\",\"target\":{\"@type\":\"EntryPoint\",\"urlTemplate\":\"https:\\\/\\\/fresh-mimosa.com\\\/?s={search_term_string}\"},\"query-input\":{\"@type\":\"PropertyValueSpecification\",\"valueRequired\":true,\"valueName\":\"search_term_string\"}}],\"inLanguage\":\"es\"},{\"@type\":\"Organization\",\"@id\":\"https:\\\/\\\/fresh-mimosa.com\\\/#organization\",\"name\":\"Soleil Mimosa\",\"url\":\"https:\\\/\\\/fresh-mimosa.com\\\/\",\"logo\":{\"@type\":\"ImageObject\",\"inLanguage\":\"es\",\"@id\":\"https:\\\/\\\/fresh-mimosa.com\\\/#\\\/schema\\\/logo\\\/image\\\/\",\"url\":\"https:\\\/\\\/wni.428.myftpupload.com\\\/wp-content\\\/uploads\\\/2021\\\/07\\\/soleil-mimosa-logo.png\",\"contentUrl\":\"https:\\\/\\\/wni.428.myftpupload.com\\\/wp-content\\\/uploads\\\/2021\\\/07\\\/soleil-mimosa-logo.png\",\"width\":768,\"height\":463,\"caption\":\"Soleil Mimosa\"},\"image\":{\"@id\":\"https:\\\/\\\/fresh-mimosa.com\\\/#\\\/schema\\\/logo\\\/image\\\/\"},\"sameAs\":[\"https:\\\/\\\/www.facebook.com\\\/SoleilMimosa\",\"https:\\\/\\\/x.com\\\/SoleilMimosa\",\"https:\\\/\\\/www.instagram.com\\\/soleilmimosa\\\/\"]}]}<\/script>\n<!-- \/ Yoast SEO plugin. -->","yoast_head_json":{"title":"Soleil Mimosa - Recipes - Tomato and Nectarine Salad with Ricotta","description":"Enjoy this delicious Tomato and Nectarine salad recipe, a delicious summer salad that brings together fresh tomatoes and nectarines.","robots":{"index":"index","follow":"follow","max-snippet":"max-snippet:-1","max-image-preview":"max-image-preview:large","max-video-preview":"max-video-preview:-1"},"canonical":"https:\/\/fresh-mimosa.com\/es\/recipes-cocktails\/tomato-and-nectarine-salad-with-ricotta\/","og_locale":"es_MX","og_type":"article","og_title":"Soleil Mimosa - Recipes - Tomato and Nectarine Salad with Ricotta","og_description":"Enjoy this delicious Tomato and Nectarine salad recipe, a delicious summer salad that brings together fresh tomatoes and nectarines.","og_url":"https:\/\/fresh-mimosa.com\/es\/recipes-cocktails\/tomato-and-nectarine-salad-with-ricotta\/","og_site_name":"Soleil Mimosa","article_publisher":"https:\/\/www.facebook.com\/SoleilMimosa","article_modified_time":"2021-08-27T18:52:55+00:00","twitter_card":"summary_large_image","twitter_site":"@SoleilMimosa","twitter_misc":{"Tiempo de lectura":"5 minutos"},"schema":{"@context":"https:\/\/schema.org","@graph":[{"@type":"WebPage","@id":"https:\/\/fresh-mimosa.com\/es\/recipes-cocktails\/tomato-and-nectarine-salad-with-ricotta\/","url":"https:\/\/fresh-mimosa.com\/es\/recipes-cocktails\/tomato-and-nectarine-salad-with-ricotta\/","name":"Soleil Mimosa - Recipes - Tomato and Nectarine Salad with Ricotta","isPartOf":{"@id":"https:\/\/fresh-mimosa.com\/#website"},"datePublished":"2021-05-21T16:21:46+00:00","dateModified":"2021-08-27T18:52:55+00:00","description":"Enjoy this delicious Tomato and Nectarine salad recipe, a delicious summer salad that brings together fresh tomatoes and nectarines.","breadcrumb":{"@id":"https:\/\/fresh-mimosa.com\/es\/recipes-cocktails\/tomato-and-nectarine-salad-with-ricotta\/#breadcrumb"},"inLanguage":"es","potentialAction":[{"@type":"ReadAction","target":["https:\/\/fresh-mimosa.com\/es\/recipes-cocktails\/tomato-and-nectarine-salad-with-ricotta\/"]}]},{"@type":"BreadcrumbList","@id":"https:\/\/fresh-mimosa.com\/es\/recipes-cocktails\/tomato-and-nectarine-salad-with-ricotta\/#breadcrumb","itemListElement":[{"@type":"ListItem","position":1,"name":"Home","item":"https:\/\/fresh-mimosa.com\/"},{"@type":"ListItem","position":2,"name":"Recipes","item":"https:\/\/fresh-mimosa.com\/recipes-cocktails\/"},{"@type":"ListItem","position":3,"name":"Tomato and Nectarine Salad with Ricotta"}]},{"@type":"WebSite","@id":"https:\/\/fresh-mimosa.com\/#website","url":"https:\/\/fresh-mimosa.com\/","name":"Soleil Mimosa","description":"","publisher":{"@id":"https:\/\/fresh-mimosa.com\/#organization"},"potentialAction":[{"@type":"SearchAction","target":{"@type":"EntryPoint","urlTemplate":"https:\/\/fresh-mimosa.com\/?s={search_term_string}"},"query-input":{"@type":"PropertyValueSpecification","valueRequired":true,"valueName":"search_term_string"}}],"inLanguage":"es"},{"@type":"Organization","@id":"https:\/\/fresh-mimosa.com\/#organization","name":"Soleil Mimosa","url":"https:\/\/fresh-mimosa.com\/","logo":{"@type":"ImageObject","inLanguage":"es","@id":"https:\/\/fresh-mimosa.com\/#\/schema\/logo\/image\/","url":"https:\/\/wni.428.myftpupload.com\/wp-content\/uploads\/2021\/07\/soleil-mimosa-logo.png","contentUrl":"https:\/\/wni.428.myftpupload.com\/wp-content\/uploads\/2021\/07\/soleil-mimosa-logo.png","width":768,"height":463,"caption":"Soleil Mimosa"},"image":{"@id":"https:\/\/fresh-mimosa.com\/#\/schema\/logo\/image\/"},"sameAs":["https:\/\/www.facebook.com\/SoleilMimosa","https:\/\/x.com\/SoleilMimosa","https:\/\/www.instagram.com\/soleilmimosa\/"]}]}},"jetpack_sharing_enabled":true,"_links":{"self":[{"href":"https:\/\/fresh-mimosa.com\/es\/wp-json\/wp\/v2\/pages\/551","targetHints":{"allow":["GET"]}}],"collection":[{"href":"https:\/\/fresh-mimosa.com\/es\/wp-json\/wp\/v2\/pages"}],"about":[{"href":"https:\/\/fresh-mimosa.com\/es\/wp-json\/wp\/v2\/types\/page"}],"author":[{"embeddable":true,"href":"https:\/\/fresh-mimosa.com\/es\/wp-json\/wp\/v2\/users\/3"}],"replies":[{"embeddable":true,"href":"https:\/\/fresh-mimosa.com\/es\/wp-json\/wp\/v2\/comments?post=551"}],"version-history":[{"count":0,"href":"https:\/\/fresh-mimosa.com\/es\/wp-json\/wp\/v2\/pages\/551\/revisions"}],"up":[{"embeddable":true,"href":"https:\/\/fresh-mimosa.com\/es\/wp-json\/wp\/v2\/pages\/328"}],"wp:attachment":[{"href":"https:\/\/fresh-mimosa.com\/es\/wp-json\/wp\/v2\/media?parent=551"}],"curies":[{"name":"wp","href":"https:\/\/api.w.org\/{rel}","templated":true}]}}