{"id":313,"date":"2021-05-15T12:23:57","date_gmt":"2021-05-15T12:23:57","guid":{"rendered":"https:\/\/fresh-mimosa.com\/?page_id=313"},"modified":"2021-08-27T19:26:15","modified_gmt":"2021-08-27T19:26:15","slug":"our-winemaking","status":"publish","type":"page","link":"https:\/\/fresh-mimosa.com\/es\/our-story\/our-winemaking\/","title":{"rendered":"Nuestra Enolog\u00eda"},"content":{"rendered":"<div class=\"wpb-content-wrapper\"><section data-vc-full-width=\"true\" data-vc-full-width-init=\"false\" data-vc-stretch-content=\"true\" class=\"vc_section hero-image\"><div data-vc-full-width=\"true\" data-vc-full-width-init=\"false\" data-vc-stretch-content=\"true\" class=\"vc_row wpb_row vc_row-fluid vc_row-no-padding\"><div class=\"wpb_column vc_column_container vc_col-sm-12\"><div class=\"vc_column-inner\"><div class=\"wpb_wrapper\">\n\t<div  class=\"wpb_single_image wpb_content_element vc_align_left wpb_content_element\">\n\t\t\n\t\t<figure class=\"wpb_wrapper vc_figure\">\n\t\t\t<div class=\"vc_single_image-wrapper   vc_box_border_grey\"><img decoding=\"async\" width=\"2000\" height=\"640\" data-src=\"https:\/\/fresh-mimosa.com\/wp-content\/uploads\/2021\/07\/banner-vineyard-sunset.jpg\" class=\"vc_single_image-img attachment-full lazyload\" alt=\"Vineyard at Sunset - Lescombes Family Vineyards\" title=\"banner-vineyard-sunset\" data-srcset=\"https:\/\/fresh-mimosa.com\/wp-content\/uploads\/2021\/07\/banner-vineyard-sunset.jpg 2000w, https:\/\/fresh-mimosa.com\/wp-content\/uploads\/2021\/07\/banner-vineyard-sunset-300x96.jpg 300w, https:\/\/fresh-mimosa.com\/wp-content\/uploads\/2021\/07\/banner-vineyard-sunset-1024x328.jpg 1024w, https:\/\/fresh-mimosa.com\/wp-content\/uploads\/2021\/07\/banner-vineyard-sunset-768x246.jpg 768w, https:\/\/fresh-mimosa.com\/wp-content\/uploads\/2021\/07\/banner-vineyard-sunset-1536x492.jpg 1536w, https:\/\/fresh-mimosa.com\/wp-content\/uploads\/2021\/07\/banner-vineyard-sunset-16x5.jpg 16w, https:\/\/fresh-mimosa.com\/wp-content\/uploads\/2021\/07\/banner-vineyard-sunset-450x144.jpg 450w\" data-sizes=\"(max-width: 2000px) 100vw, 2000px\" src=\"data:image\/svg+xml;base64,PHN2ZyB3aWR0aD0iMSIgaGVpZ2h0PSIxIiB4bWxucz0iaHR0cDovL3d3dy53My5vcmcvMjAwMC9zdmciPjwvc3ZnPg==\" style=\"--smush-placeholder-width: 2000px; --smush-placeholder-aspect-ratio: 2000\/640;\" \/><\/div>\n\t\t<\/figure>\n\t<\/div>\n<\/div><\/div><\/div><\/div><div class=\"vc_row-full-width vc_clearfix\"><\/div><\/section><div class=\"vc_row-full-width vc_clearfix\"><\/div><section data-vc-full-width=\"true\" data-vc-full-width-init=\"false\" data-vc-stretch-content=\"true\" class=\"vc_section\"><div class=\"vc_row wpb_row vc_row-fluid\"><div class=\"wpb_column vc_column_container vc_col-sm-12\"><div class=\"vc_column-inner\"><div class=\"wpb_wrapper\">\n\t<div class=\"wpb_text_column wpb_content_element\" >\n\t\t<div class=\"wpb_wrapper\">\n\t\t\t<span><span><a href=\"https:\/\/fresh-mimosa.com\/es\/\">Casa<\/a><\/span><\/span>\n\n\t\t<\/div>\n\t<\/div>\n<\/div><\/div><\/div><\/div><\/section><div class=\"vc_row-full-width vc_clearfix\"><\/div><section data-vc-full-width=\"true\" data-vc-full-width-init=\"false\" data-vc-stretch-content=\"true\" class=\"vc_section text-img-blocks vc_custom_1621878705640 vc_section-has-fill\"><div data-vc-full-width=\"true\" data-vc-full-width-init=\"false\" data-vc-stretch-content=\"true\" class=\"vc_row wpb_row vc_row-fluid\"><div class=\"lg-img-col-left wpb_column vc_column_container vc_col-sm-8\"><div class=\"vc_column-inner\"><div class=\"wpb_wrapper\">\n\t<div class=\"wpb_text_column wpb_content_element text-block-heading-center\" >\n\t\t<div class=\"wpb_wrapper\">\n\t\t\t<h1 class=\"pink sm sun-rotate\">Sol y suelo de Nuevo M\u00e9xico<\/h1>\n<h2 class=\"gray lg\">Proceso de Vinificaci\u00f3n<\/h2>\n\n\t\t<\/div>\n\t<\/div>\n\n\t<div  class=\"wpb_single_image wpb_content_element vc_align_left wpb_content_element wpb_animate_when_almost_visible wpb_fadeInLeft fadeInLeft  img-left-lg\">\n\t\t\n\t\t<figure class=\"wpb_wrapper vc_figure\">\n\t\t\t<div class=\"vc_single_image-wrapper   vc_box_border_grey\"><img decoding=\"async\" width=\"1150\" height=\"554\" data-src=\"https:\/\/fresh-mimosa.com\/wp-content\/uploads\/2021\/07\/layla-vineyard-1150x554-1.jpg\" class=\"vc_single_image-img attachment-full lazyload\" alt=\"Layla Vineyard - Lescombes Family Vineyards\" title=\"layla-vineyard-1150x554\" data-srcset=\"https:\/\/fresh-mimosa.com\/wp-content\/uploads\/2021\/07\/layla-vineyard-1150x554-1.jpg 1150w, https:\/\/fresh-mimosa.com\/wp-content\/uploads\/2021\/07\/layla-vineyard-1150x554-1-300x145.jpg 300w, https:\/\/fresh-mimosa.com\/wp-content\/uploads\/2021\/07\/layla-vineyard-1150x554-1-1024x493.jpg 1024w, https:\/\/fresh-mimosa.com\/wp-content\/uploads\/2021\/07\/layla-vineyard-1150x554-1-768x370.jpg 768w, https:\/\/fresh-mimosa.com\/wp-content\/uploads\/2021\/07\/layla-vineyard-1150x554-1-16x8.jpg 16w, https:\/\/fresh-mimosa.com\/wp-content\/uploads\/2021\/07\/layla-vineyard-1150x554-1-450x217.jpg 450w\" data-sizes=\"(max-width: 1150px) 100vw, 1150px\" src=\"data:image\/svg+xml;base64,PHN2ZyB3aWR0aD0iMSIgaGVpZ2h0PSIxIiB4bWxucz0iaHR0cDovL3d3dy53My5vcmcvMjAwMC9zdmciPjwvc3ZnPg==\" style=\"--smush-placeholder-width: 1150px; --smush-placeholder-aspect-ratio: 1150\/554;\" \/><\/div>\n\t\t<\/figure>\n\t<\/div>\n<\/div><\/div><\/div><div class=\"sm-img-text-col-right wpb_column vc_column_container vc_col-sm-4\"><div class=\"vc_column-inner\"><div class=\"wpb_wrapper\">\n\t<div  class=\"wpb_single_image wpb_content_element vc_align_center wpb_content_element wpb_animate_when_almost_visible wpb_fadeInRight fadeInRight  img-right-sm\">\n\t\t\n\t\t<figure class=\"wpb_wrapper vc_figure\">\n\t\t\t<div class=\"vc_single_image-wrapper   vc_box_border_grey\"><img decoding=\"async\" width=\"600\" height=\"460\" data-src=\"https:\/\/fresh-mimosa.com\/wp-content\/uploads\/2021\/05\/winemaking-vineyard.jpg\" class=\"vc_single_image-img attachment-full lazyload\" alt=\"\" title=\"winemaking-vineyard\" data-srcset=\"https:\/\/fresh-mimosa.com\/wp-content\/uploads\/2021\/05\/winemaking-vineyard.jpg 600w, https:\/\/fresh-mimosa.com\/wp-content\/uploads\/2021\/05\/winemaking-vineyard-300x230.jpg 300w, https:\/\/fresh-mimosa.com\/wp-content\/uploads\/2021\/05\/winemaking-vineyard-450x345.jpg 450w\" data-sizes=\"(max-width: 600px) 100vw, 600px\" src=\"data:image\/svg+xml;base64,PHN2ZyB3aWR0aD0iMSIgaGVpZ2h0PSIxIiB4bWxucz0iaHR0cDovL3d3dy53My5vcmcvMjAwMC9zdmciPjwvc3ZnPg==\" style=\"--smush-placeholder-width: 600px; --smush-placeholder-aspect-ratio: 600\/460;\" \/><\/div>\n\t\t<\/figure>\n\t<\/div>\n\n\t<div class=\"wpb_text_column wpb_content_element text-right-sm\" >\n\t\t<div class=\"wpb_wrapper\">\n\t\t\t<h3 class=\"gray\">Nuestros vi\u00f1edos<\/h3>\n<p>Nuestro vi\u00f1edo de propiedad familiar Lescombes de 220 acres est\u00e1 ubicado a 47 millas al oeste de Deming, Nuevo M\u00e9xico, a una altura de 4,500 pies. El clima \u00fanico en esta \u00e1rea consiste en d\u00edas calurosos y noches frescas donde la diferencia entre las temperaturas diurnas y nocturnas es a menudo de 30 grados o m\u00e1s. Este clima hace posible el cultivo de uvas de vinificaci\u00f3n de alta calidad constante para obtener un vino de alta calidad constante.<\/p>\n\n\t\t<\/div>\n\t<\/div>\n<\/div><\/div><\/div><\/div><div class=\"vc_row-full-width vc_clearfix\"><\/div><div data-vc-full-width=\"true\" data-vc-full-width-init=\"false\" data-vc-stretch-content=\"true\" class=\"vc_row wpb_row vc_row-fluid\"><div class=\"text-left-sm wpb_column vc_column_container vc_col-sm-6\"><div class=\"vc_column-inner\"><div class=\"wpb_wrapper\">\n\t<div class=\"wpb_text_column wpb_content_element text-right-lg\" >\n\t\t<div class=\"wpb_wrapper\">\n\t\t\t<h3 class=\"gray\">Nuestra bodega<\/h3>\n<p style=\"background: white; vertical-align: baseline; margin: 7.5pt 0in 0in 0in;\"><span style=\"font-family: 'Arial',sans-serif; color: #606060;\">Seg\u00fan cuenta la historia, los monjes desafiaron al rey y pasaron de contrabando las primeras vides de uva de vino a Nuevo M\u00e9xico desde Espa\u00f1a en 1629. Naci\u00f3 la primera regi\u00f3n productora de vino de Estados Unidos. Nuestra bodega est\u00e1 ubicada en el coraz\u00f3n del Valle de Mimbres a las afueras de Deming, Nuevo M\u00e9xico. Nuestra instalaci\u00f3n de bodega certificada de grado alimenticio est\u00e1 situada en 15 acres y tiene una capacidad de 500,000 galones. Compuesto por m\u00e1s de 50 tanques de temperatura controlada, conservamos una temperatura uniforme durante la fermentaci\u00f3n y la maduraci\u00f3n para garantizar un producto de alta calidad constante. Los paneles de degustaci\u00f3n muestrean continuamente el producto para verificar el desarrollo del sabor y el aroma, y se realiza un seguimiento de las pruebas de laboratorio para garantizar que nuestros productos se elaboran en todo su potencial.<\/span><\/p>\n\n\t\t<\/div>\n\t<\/div>\n<\/div><\/div><\/div><div class=\"lg-img-col-right wpb_column vc_column_container vc_col-sm-6\"><div class=\"vc_column-inner\"><div class=\"wpb_wrapper\">\n\t<div  class=\"wpb_single_image wpb_content_element vc_align_right wpb_content_element wpb_animate_when_almost_visible wpb_fadeInRight fadeInRight  img-right-lg\">\n\t\t\n\t\t<figure class=\"wpb_wrapper vc_figure\">\n\t\t\t<div class=\"vc_single_image-wrapper   vc_box_border_grey\"><img decoding=\"async\" width=\"600\" height=\"460\" data-src=\"https:\/\/fresh-mimosa.com\/wp-content\/uploads\/2021\/05\/winery.jpg\" class=\"vc_single_image-img attachment-full lazyload\" alt=\"\" title=\"winery\" data-srcset=\"https:\/\/fresh-mimosa.com\/wp-content\/uploads\/2021\/05\/winery.jpg 600w, https:\/\/fresh-mimosa.com\/wp-content\/uploads\/2021\/05\/winery-300x230.jpg 300w, https:\/\/fresh-mimosa.com\/wp-content\/uploads\/2021\/05\/winery-450x345.jpg 450w\" data-sizes=\"(max-width: 600px) 100vw, 600px\" src=\"data:image\/svg+xml;base64,PHN2ZyB3aWR0aD0iMSIgaGVpZ2h0PSIxIiB4bWxucz0iaHR0cDovL3d3dy53My5vcmcvMjAwMC9zdmciPjwvc3ZnPg==\" style=\"--smush-placeholder-width: 600px; --smush-placeholder-aspect-ratio: 600\/460;\" \/><\/div>\n\t\t<\/figure>\n\t<\/div>\n<\/div><\/div><\/div><\/div><div class=\"vc_row-full-width vc_clearfix\"><\/div><div data-vc-full-width=\"true\" data-vc-full-width-init=\"false\" data-vc-stretch-content=\"true\" class=\"vc_row wpb_row vc_row-fluid\"><div class=\"img-left-sm wpb_column vc_column_container vc_col-sm-8\"><div class=\"vc_column-inner\"><div class=\"wpb_wrapper\">\n\t<div  class=\"wpb_single_image wpb_content_element vc_align_left wpb_content_element wpb_animate_when_almost_visible wpb_fadeInLeft fadeInLeft  img-left-sm\">\n\t\t\n\t\t<figure class=\"wpb_wrapper vc_figure\">\n\t\t\t<div class=\"vc_single_image-wrapper   vc_box_border_grey\"><img decoding=\"async\" width=\"1500\" height=\"900\" data-src=\"https:\/\/fresh-mimosa.com\/wp-content\/uploads\/2021\/07\/classic-bag-1500x900-1.jpg\" class=\"vc_single_image-img attachment-full lazyload\" alt=\"Soleil Mimosa Classic in bag\" title=\"classic-bag-1500x900\" data-srcset=\"https:\/\/fresh-mimosa.com\/wp-content\/uploads\/2021\/07\/classic-bag-1500x900-1.jpg 1500w, https:\/\/fresh-mimosa.com\/wp-content\/uploads\/2021\/07\/classic-bag-1500x900-1-300x180.jpg 300w, https:\/\/fresh-mimosa.com\/wp-content\/uploads\/2021\/07\/classic-bag-1500x900-1-1024x614.jpg 1024w, https:\/\/fresh-mimosa.com\/wp-content\/uploads\/2021\/07\/classic-bag-1500x900-1-768x461.jpg 768w, https:\/\/fresh-mimosa.com\/wp-content\/uploads\/2021\/07\/classic-bag-1500x900-1-16x10.jpg 16w, https:\/\/fresh-mimosa.com\/wp-content\/uploads\/2021\/07\/classic-bag-1500x900-1-450x270.jpg 450w\" data-sizes=\"(max-width: 1500px) 100vw, 1500px\" src=\"data:image\/svg+xml;base64,PHN2ZyB3aWR0aD0iMSIgaGVpZ2h0PSIxIiB4bWxucz0iaHR0cDovL3d3dy53My5vcmcvMjAwMC9zdmciPjwvc3ZnPg==\" style=\"--smush-placeholder-width: 1500px; --smush-placeholder-aspect-ratio: 1500\/900;\" \/><\/div>\n\t\t<\/figure>\n\t<\/div>\n<\/div><\/div><\/div><div class=\"lg-text-right-sm wpb_column vc_column_container vc_col-sm-4\"><div class=\"vc_column-inner vc_custom_1628002459090\"><div class=\"wpb_wrapper\">\n\t<div class=\"wpb_text_column wpb_content_element text-right-sm\" >\n\t\t<div class=\"wpb_wrapper\">\n\t\t\t<h3 class=\"gray\">Verdadera fruta fresca<\/h3>\n<p style=\"background: white; vertical-align: baseline; margin: 7.5pt 0in 0in 0in;\"><span style=\"font-family: 'Arial',sans-serif; color: #606060;\">Usamos jugos de frutas frescas en cada una de nuestras mimosas y nunca agregamos sabores artificiales o jugos de concentrado. Para ser lo mejor que podemos ser, estamos certificados por terceros como una instalaci\u00f3n de grado alimenticio. Somos una de las pocas bodegas de los EE. UU. Que cuentan con dicha certificaci\u00f3n. Tambi\u00e9n trabajamos duro, recorriendo el pa\u00eds en busca de los mejores y m\u00e1s frescos jugos que pudimos encontrar. Lo hicimos porque sabemos que nuestro producto es tan bueno como la suma de sus ingredientes. Eso es lo que hace que Soleil Mimosa sea el mejor vino con infusi\u00f3n de frutas disponible y la mejor mimosa premezclada de Estados Unidos.<\/span><\/p>\n\n\t\t<\/div>\n\t<\/div>\n<\/div><\/div><\/div><\/div><div class=\"vc_row-full-width vc_clearfix\"><\/div><\/section><div class=\"vc_row-full-width vc_clearfix\"><\/div><section class=\"vc_section\"><div class=\"vc_row wpb_row vc_row-fluid\"><div class=\"wpb_column vc_column_container vc_col-sm-12\"><div class=\"vc_column-inner\"><div class=\"wpb_wrapper\">\n\t<div class=\"wpb_text_column wpb_content_element\" >\n\t\t<div class=\"wpb_wrapper\">\n\t\t\t<h2 class=\"gray lg\" style=\"text-align: center;\">Tienes preguntas?<\/h2>\n<p style=\"text-align: center;\">Visite nuestra p\u00e1gina de preguntas frecuentes para obtener m\u00e1s informaci\u00f3n sobre los vinos Soleil Mimosa, incluido c\u00f3mo servir y almacenar los vinos.<\/p>\n\n\t\t<\/div>\n\t<\/div>\n<div class=\"vc_btn3-container  btn-orange vc_btn3-center vc_do_btn\" ><a class=\"vc_general vc_btn3 vc_btn3-size-md vc_btn3-shape-rounded vc_btn3-style-modern vc_btn3-color-warning\" href=\"https:\/\/fresh-mimosa.com\/es\/buy-now\/faqs\/\" title=\"FAQs\">Aprende m\u00e1s<\/a><\/div><\/div><\/div><\/div><\/div><\/section>\n<\/div>","protected":false},"excerpt":{"rendered":"Home New Mexico Sun &amp; Soil Winemaking Process Our Vineyards Our 220-acre Lescombes Family owned vineyard is located 47 miles west of Deming, New Mexico, at an elevation of 4,500 feet. The unique climate in this area consists of hot days and cool nights where the difference between day and night temperatures is often 30 [...]","protected":false},"author":2,"featured_media":0,"parent":283,"menu_order":0,"comment_status":"closed","ping_status":"closed","template":"","meta":{"footnotes":""},"class_list":["post-313","page","type-page","status-publish","hentry"],"yoast_head":"<!-- This site is optimized with the Yoast SEO plugin v27.4 - https:\/\/yoast.com\/product\/yoast-seo-wordpress\/ -->\n<title>Soleil Mimosa - Pre-Mixed Mimosas - Our Winemaking<\/title>\n<meta name=\"description\" content=\"Soleil Mimosa is a blissful blend of luscious juices and premium white wine graced with a light effervescence.\" \/>\n<meta name=\"robots\" content=\"index, follow, max-snippet:-1, max-image-preview:large, max-video-preview:-1\" \/>\n<link rel=\"canonical\" href=\"https:\/\/fresh-mimosa.com\/es\/our-story\/our-winemaking\/\" \/>\n<meta property=\"og:locale\" content=\"es_MX\" \/>\n<meta property=\"og:type\" content=\"article\" \/>\n<meta property=\"og:title\" content=\"Soleil Mimosa - Pre-Mixed Mimosas - Our Winemaking\" \/>\n<meta property=\"og:description\" content=\"Soleil Mimosa is a blissful blend of luscious juices and premium white wine graced with a light effervescence.\" \/>\n<meta property=\"og:url\" content=\"https:\/\/fresh-mimosa.com\/es\/our-story\/our-winemaking\/\" \/>\n<meta property=\"og:site_name\" content=\"Soleil Mimosa\" \/>\n<meta property=\"article:publisher\" content=\"https:\/\/www.facebook.com\/SoleilMimosa\" \/>\n<meta property=\"article:modified_time\" content=\"2021-08-27T19:26:15+00:00\" \/>\n<meta name=\"twitter:card\" content=\"summary_large_image\" \/>\n<meta name=\"twitter:site\" content=\"@SoleilMimosa\" \/>\n<meta name=\"twitter:label1\" content=\"Tiempo de lectura\" \/>\n\t<meta name=\"twitter:data1\" content=\"5 minutos\" \/>\n<script type=\"application\/ld+json\" class=\"yoast-schema-graph\">{\"@context\":\"https:\\\/\\\/schema.org\",\"@graph\":[{\"@type\":\"WebPage\",\"@id\":\"https:\\\/\\\/fresh-mimosa.com\\\/our-story\\\/our-winemaking\\\/\",\"url\":\"https:\\\/\\\/fresh-mimosa.com\\\/our-story\\\/our-winemaking\\\/\",\"name\":\"Soleil Mimosa - Pre-Mixed Mimosas - Our Winemaking\",\"isPartOf\":{\"@id\":\"https:\\\/\\\/fresh-mimosa.com\\\/#website\"},\"datePublished\":\"2021-05-15T12:23:57+00:00\",\"dateModified\":\"2021-08-27T19:26:15+00:00\",\"description\":\"Soleil Mimosa is a blissful blend of luscious juices and premium white wine graced with a light effervescence.\",\"breadcrumb\":{\"@id\":\"https:\\\/\\\/fresh-mimosa.com\\\/our-story\\\/our-winemaking\\\/#breadcrumb\"},\"inLanguage\":\"es\",\"potentialAction\":[{\"@type\":\"ReadAction\",\"target\":[\"https:\\\/\\\/fresh-mimosa.com\\\/our-story\\\/our-winemaking\\\/\"]}]},{\"@type\":\"BreadcrumbList\",\"@id\":\"https:\\\/\\\/fresh-mimosa.com\\\/our-story\\\/our-winemaking\\\/#breadcrumb\",\"itemListElement\":[{\"@type\":\"ListItem\",\"position\":1,\"name\":\"Home\",\"item\":\"https:\\\/\\\/fresh-mimosa.com\\\/\"},{\"@type\":\"ListItem\",\"position\":2,\"name\":\"Our Story\",\"item\":\"https:\\\/\\\/fresh-mimosa.com\\\/our-story\\\/\"},{\"@type\":\"ListItem\",\"position\":3,\"name\":\"Our Winemaking\"}]},{\"@type\":\"WebSite\",\"@id\":\"https:\\\/\\\/fresh-mimosa.com\\\/#website\",\"url\":\"https:\\\/\\\/fresh-mimosa.com\\\/\",\"name\":\"Soleil Mimosa\",\"description\":\"\",\"publisher\":{\"@id\":\"https:\\\/\\\/fresh-mimosa.com\\\/#organization\"},\"potentialAction\":[{\"@type\":\"SearchAction\",\"target\":{\"@type\":\"EntryPoint\",\"urlTemplate\":\"https:\\\/\\\/fresh-mimosa.com\\\/?s={search_term_string}\"},\"query-input\":{\"@type\":\"PropertyValueSpecification\",\"valueRequired\":true,\"valueName\":\"search_term_string\"}}],\"inLanguage\":\"es\"},{\"@type\":\"Organization\",\"@id\":\"https:\\\/\\\/fresh-mimosa.com\\\/#organization\",\"name\":\"Soleil Mimosa\",\"url\":\"https:\\\/\\\/fresh-mimosa.com\\\/\",\"logo\":{\"@type\":\"ImageObject\",\"inLanguage\":\"es\",\"@id\":\"https:\\\/\\\/fresh-mimosa.com\\\/#\\\/schema\\\/logo\\\/image\\\/\",\"url\":\"https:\\\/\\\/wni.428.myftpupload.com\\\/wp-content\\\/uploads\\\/2021\\\/07\\\/soleil-mimosa-logo.png\",\"contentUrl\":\"https:\\\/\\\/wni.428.myftpupload.com\\\/wp-content\\\/uploads\\\/2021\\\/07\\\/soleil-mimosa-logo.png\",\"width\":768,\"height\":463,\"caption\":\"Soleil Mimosa\"},\"image\":{\"@id\":\"https:\\\/\\\/fresh-mimosa.com\\\/#\\\/schema\\\/logo\\\/image\\\/\"},\"sameAs\":[\"https:\\\/\\\/www.facebook.com\\\/SoleilMimosa\",\"https:\\\/\\\/x.com\\\/SoleilMimosa\",\"https:\\\/\\\/www.instagram.com\\\/soleilmimosa\\\/\"]}]}<\/script>\n<!-- \/ Yoast SEO plugin. -->","yoast_head_json":{"title":"Soleil Mimosa - Mimosas premezcladas - Nuestra vinificaci\u00f3n","description":"Soleil Mimosa es una maravillosa mezcla de jugos deliciosos y vino blanco de primera calidad adornado con una ligera efervescencia.","robots":{"index":"index","follow":"follow","max-snippet":"max-snippet:-1","max-image-preview":"max-image-preview:large","max-video-preview":"max-video-preview:-1"},"canonical":"https:\/\/fresh-mimosa.com\/es\/our-story\/our-winemaking\/","og_locale":"es_MX","og_type":"article","og_title":"Soleil Mimosa - Pre-Mixed Mimosas - Our Winemaking","og_description":"Soleil Mimosa is a blissful blend of luscious juices and premium white wine graced with a light effervescence.","og_url":"https:\/\/fresh-mimosa.com\/es\/our-story\/our-winemaking\/","og_site_name":"Soleil Mimosa","article_publisher":"https:\/\/www.facebook.com\/SoleilMimosa","article_modified_time":"2021-08-27T19:26:15+00:00","twitter_card":"summary_large_image","twitter_site":"@SoleilMimosa","twitter_misc":{"Tiempo de lectura":"5 minutos"},"schema":{"@context":"https:\/\/schema.org","@graph":[{"@type":"WebPage","@id":"https:\/\/fresh-mimosa.com\/our-story\/our-winemaking\/","url":"https:\/\/fresh-mimosa.com\/our-story\/our-winemaking\/","name":"Soleil Mimosa - Mimosas premezcladas - Nuestra vinificaci\u00f3n","isPartOf":{"@id":"https:\/\/fresh-mimosa.com\/#website"},"datePublished":"2021-05-15T12:23:57+00:00","dateModified":"2021-08-27T19:26:15+00:00","description":"Soleil Mimosa es una maravillosa mezcla de jugos deliciosos y vino blanco de primera calidad adornado con una ligera efervescencia.","breadcrumb":{"@id":"https:\/\/fresh-mimosa.com\/our-story\/our-winemaking\/#breadcrumb"},"inLanguage":"es","potentialAction":[{"@type":"ReadAction","target":["https:\/\/fresh-mimosa.com\/our-story\/our-winemaking\/"]}]},{"@type":"BreadcrumbList","@id":"https:\/\/fresh-mimosa.com\/our-story\/our-winemaking\/#breadcrumb","itemListElement":[{"@type":"ListItem","position":1,"name":"Home","item":"https:\/\/fresh-mimosa.com\/"},{"@type":"ListItem","position":2,"name":"Our Story","item":"https:\/\/fresh-mimosa.com\/our-story\/"},{"@type":"ListItem","position":3,"name":"Our Winemaking"}]},{"@type":"WebSite","@id":"https:\/\/fresh-mimosa.com\/#website","url":"https:\/\/fresh-mimosa.com\/","name":"Soleil Mimosa","description":"","publisher":{"@id":"https:\/\/fresh-mimosa.com\/#organization"},"potentialAction":[{"@type":"SearchAction","target":{"@type":"EntryPoint","urlTemplate":"https:\/\/fresh-mimosa.com\/?s={search_term_string}"},"query-input":{"@type":"PropertyValueSpecification","valueRequired":true,"valueName":"search_term_string"}}],"inLanguage":"es"},{"@type":"Organization","@id":"https:\/\/fresh-mimosa.com\/#organization","name":"Soleil Mimosa","url":"https:\/\/fresh-mimosa.com\/","logo":{"@type":"ImageObject","inLanguage":"es","@id":"https:\/\/fresh-mimosa.com\/#\/schema\/logo\/image\/","url":"https:\/\/wni.428.myftpupload.com\/wp-content\/uploads\/2021\/07\/soleil-mimosa-logo.png","contentUrl":"https:\/\/wni.428.myftpupload.com\/wp-content\/uploads\/2021\/07\/soleil-mimosa-logo.png","width":768,"height":463,"caption":"Soleil Mimosa"},"image":{"@id":"https:\/\/fresh-mimosa.com\/#\/schema\/logo\/image\/"},"sameAs":["https:\/\/www.facebook.com\/SoleilMimosa","https:\/\/x.com\/SoleilMimosa","https:\/\/www.instagram.com\/soleilmimosa\/"]}]}},"jetpack_sharing_enabled":true,"_links":{"self":[{"href":"https:\/\/fresh-mimosa.com\/es\/wp-json\/wp\/v2\/pages\/313","targetHints":{"allow":["GET"]}}],"collection":[{"href":"https:\/\/fresh-mimosa.com\/es\/wp-json\/wp\/v2\/pages"}],"about":[{"href":"https:\/\/fresh-mimosa.com\/es\/wp-json\/wp\/v2\/types\/page"}],"author":[{"embeddable":true,"href":"https:\/\/fresh-mimosa.com\/es\/wp-json\/wp\/v2\/users\/2"}],"replies":[{"embeddable":true,"href":"https:\/\/fresh-mimosa.com\/es\/wp-json\/wp\/v2\/comments?post=313"}],"version-history":[{"count":0,"href":"https:\/\/fresh-mimosa.com\/es\/wp-json\/wp\/v2\/pages\/313\/revisions"}],"up":[{"embeddable":true,"href":"https:\/\/fresh-mimosa.com\/es\/wp-json\/wp\/v2\/pages\/283"}],"wp:attachment":[{"href":"https:\/\/fresh-mimosa.com\/es\/wp-json\/wp\/v2\/media?parent=313"}],"curies":[{"name":"wp","href":"https:\/\/api.w.org\/{rel}","templated":true}]}}